{"id":1078,"date":"2019-08-22T20:12:27","date_gmt":"2019-08-22T20:12:27","guid":{"rendered":"https:\/\/ma-tinee.be\/lokaal-gebied\/"},"modified":"2019-10-15T00:37:29","modified_gmt":"2019-10-15T00:37:29","slug":"lokaal-gebied","status":"publish","type":"page","link":"https:\/\/ma-tinee.be\/nl\/lokaal-gebied\/","title":{"rendered":"Streekinfo"},"content":{"rendered":"<p>[vc_row][vc_column][vc_empty_space][vc_column_text]Aan de rand van het prachtige Meerdaalwoud omvat de gemeente Beauvechain (Bevekom) de dorpen Beauvechain, Hamme-Mille, l\u2019\u00c9cluse, Nodebais en Tourinnes-la-Grosse.<\/p>\n<p>Dit is een overgangsregio waar twee soorten landschappen elkaar raken: in het noordoosten de lichtgolvende plateaus en in het zuidwesten de vallei van la <span class=\"s7\">N\u00e9then<\/span>, met soms abrupte hellingen en diepliggende, vochtige valleien.<\/p>\n<p>De diversiteit van de oude dorpen en wijken draagt bij tot de charme van de streek. Enerzijds Hamme-Mille met zijn winkelcentrum en Beauvechain met de luchtmachtbasis en het museum dat de geschiedenis van de basis van 1935 tot nu vertelt. Anderzijds de dorpen Tourinnes-la-Grosse, Nodebais en l\u2019\u00c9cluse met hun uniek erfgoed, hun oude boerderijen en woningen, hun plattelandswegen en de rust tussen de velden.<\/p>\n<p>Tourinnes-la-Grosse staat vooral bekend voor de Sint-Maartenfeesten, een artistiek parcours dat in 1999 door keramist Max van der Linden werd opgericht en dat zich nog steeds ontwikkelt. De kunst verlaat de stad en krijgt onderdak bij de plaatselijke bevolking. In de Romaanse kerk wordt een toneelstuk opgevoerd en de huizen en boerderijen van Tourinnes-la-Grosse en de dorpen uit de omgeving zijn een ideale tentoonstellingsruimte voor schilderijen, beelden, foto\u2019s, juwelen, keramiek en kunstwerken van \u201cartiesten die de vrijheid opzoeken\u201d.<\/p>\n<p>\u200b\u200b\u200b\u200b\u200b\u200b\u200b\u200b\u200b\u200bbeleefwaalsbrabant.be[\/vc_column_text][vc_empty_space][vc_empty_space][vc_tta_tabs][vc_tta_section title=&#8221;Cultuur&#8221; tab_id=&#8221;1559321123685-2fb3f744-eb36&#8243;][vc_empty_space][vc_column_text]<\/p>\n<h2>Cultuur<\/h2>\n<p>Mooi weer, slecht weer&#8230;<\/p>\n<p>Laat je in elk seizoen verrassen door de culturele rijkdom van deze groene, heuvelachtige streek.<\/p>\n<p>Elk jaar in november tovert de gemeente Bevekom zich om tot een heus kunstenarenparcours.<br \/>\n<a href=\"http:\/\/tourinnes.be\">http:\/\/tourinnes.be<\/a><\/p>\n<p>Welkom in de wereld van de luchtmacht in Historical Centre &#8221;1Wing&#8221; in Bevekom.<br \/>\n<a href=\"http:\/\/musee.1wing.free.fr\">http:\/\/musee.1wing.free.fr<\/a><\/p>\n<p>Genieten van een voorstelling in Th\u00e9\u00e2tre des 4 Mains in La Bruy\u00e8re.<br \/>\n<a href=\"https:\/\/theatre4mains.be\">https:\/\/theatre4mains.be<\/a><\/p>\n<p>&nbsp;<\/p>\n<h4>Absoluut een ommetje waard<\/h4>\n<p>Eind augustus kun je in de abdij van Villers-la-Ville genieten van nationaal en internationaal gerenommeerde koren tijdens \u201cla Nuit des Ch\u0153urs\u201d.<br \/>\n<a href=\"http:\/\/www.nuitdeschoeurs.be\">http:\/\/www.nuitdeschoeurs.be<\/a><\/p>\n<p>Geef je ogen de kost in M museum in Leuven.<br \/>\n<a href=\"https:\/\/www.mleuven.be\">https:\/\/www.mleuven.be<\/a><\/p>\n<p>Ontdek kunst ge\u00efnspireerd door en\/of in dialoog met de natuur in kunstgalerij Art Sanctuary in Geldenaken.<br \/>\n<a href=\"http:\/\/www.the-enchanted-garden.info\/#1\">http:\/\/www.the-enchanted-garden.info\/#1<\/a><\/p>\n<p>Maak kennis met de wereld van Herg\u00e9 in Ottignies-Louvain-la-Neuve.<br \/>\n<a href=\"https:\/\/www.museeherge.com\">https:\/\/www.museeherge.com<\/a><\/p>\n<p>Shop till you drop en veel meer in Leuven (15 km), Waver (18 km), Louvain-la-Neuve (19 km), Tienen (21 km), Jodoigne (16 km).[\/vc_column_text][\/vc_tta_section][vc_tta_section title=&#8221;Wandelen en fietsen&#8221; tab_id=&#8221;1559321123730-7309f8ab-1c64&#8243;][vc_empty_space][vc_column_text]<\/p>\n<h2>Wandelen en fietsen<\/h2>\n<p>Ontdek onze mooie streek aan de hand van deze toffe wandel-, fiets- en\/of mountainbikeroutes.<br \/>\n<a href=\"http:\/\/www.beauvechain.eu\/loisirs-culture\/balades-1\">http:\/\/www.beauvechain.eu\/loisirs-culture\/balades-1<\/a><\/p>\n<p>Heerlijk wandelen en fietsen in Meerdaalwoud en Heverleebos.<br \/>\n<a href=\"https:\/\/www.natuurenbos.be\/meerdaalwoud-en-heverleebos\">https:\/\/www.natuurenbos.be\/meerdaalwoud-en-heverleebos<\/a><\/p>\n<p>Genieten van heel wat voorjaarsbloeiers in Meldertbos in Hoegaarden.<br \/>\n<a href=\"https:\/\/www.natuurpunt.be\/natuurgebied\/meldertbos\">https:\/\/www.natuurpunt.be\/natuurgebied\/meldertbos<\/a><\/p>\n<p>Stippel alvast je favoriete wandel- of fietstrajecten voor:<br \/>\n<a href=\"https:\/\/ravel.wallonie.be\">https:\/\/ravel.wallonie.be<\/a><br \/>\n<a href=\"http:\/\/walloniebelgiquetourisme.be\/fr-be\/3\/jaime\/wallonie-a-velo\">http:\/\/walloniebelgiquetourisme.be\/fr-be\/3\/jaime\/wallonie-a-velo<\/a><br \/>\n<a href=\"https:\/\/www.routeyou.com\">https:\/\/www.routeyou.com<\/a><br \/>\n<a href=\"https:\/\/www.wandelknooppunt.be\">https:\/\/www.wandelknooppunt.be<\/a><br \/>\n<a href=\"https:\/\/ww.fietsnet.be\">https:\/\/ww.fietsnet.be<\/a><br \/>\n<a href=\"https:\/\/www.groteroutepaden.be\/\">https:\/\/www.groteroutepaden.be\/<\/a>[\/vc_column_text][\/vc_tta_section][vc_tta_section title=&#8221;Golf&#8221; tab_id=&#8221;1559321295505-ceb5036a-d578&#8243;][vc_empty_space][vc_column_text]<\/p>\n<h2>Golf<\/h2>\n<p>Vind hier alle nodige informatie over de Royal Bercuit Golf Club (Grez-Doiceau).<br \/>\n<a href=\"http:\/\/www.royalbercuitgolfclub.be\/\">http:\/\/www.royalbercuitgolfclub.be\/<\/a>[\/vc_column_text][\/vc_tta_section][\/vc_tta_tabs][\/vc_column][\/vc_row][vc_row][vc_column][vc_empty_space][\/vc_column][\/vc_row]<\/p>\n","protected":false},"excerpt":{"rendered":"<p>[vc_row][vc_column][vc_empty_space][vc_column_text]Aan de rand van het prachtige Meerdaalwoud omvat de gemeente Beauvechain (Bevekom) de dorpen Beauvechain, Hamme-Mille, l\u2019\u00c9cluse, Nodebais en Tourinnes-la-Grosse. Dit is een overgangsregio waar twee soorten landschappen elkaar raken: in het noordoosten de lichtgolvende plateaus en in het zuidwesten de vallei van la N\u00e9then, met soms abrupte hellingen en diepliggende, vochtige valleien. De diversiteit &hellip; <a href=\"https:\/\/ma-tinee.be\/nl\/lokaal-gebied\/\" class=\"more-link\">Continue reading <span class=\"screen-reader-text\">Streekinfo<\/span><\/a><\/p>\n","protected":false},"author":1,"featured_media":0,"parent":0,"menu_order":0,"comment_status":"closed","ping_status":"closed","template":"","meta":{"footnotes":""},"class_list":["post-1078","page","type-page","status-publish","hentry"],"_links":{"self":[{"href":"https:\/\/ma-tinee.be\/nl\/wp-json\/wp\/v2\/pages\/1078","targetHints":{"allow":["GET"]}}],"collection":[{"href":"https:\/\/ma-tinee.be\/nl\/wp-json\/wp\/v2\/pages"}],"about":[{"href":"https:\/\/ma-tinee.be\/nl\/wp-json\/wp\/v2\/types\/page"}],"author":[{"embeddable":true,"href":"https:\/\/ma-tinee.be\/nl\/wp-json\/wp\/v2\/users\/1"}],"replies":[{"embeddable":true,"href":"https:\/\/ma-tinee.be\/nl\/wp-json\/wp\/v2\/comments?post=1078"}],"version-history":[{"count":6,"href":"https:\/\/ma-tinee.be\/nl\/wp-json\/wp\/v2\/pages\/1078\/revisions"}],"predecessor-version":[{"id":1413,"href":"https:\/\/ma-tinee.be\/nl\/wp-json\/wp\/v2\/pages\/1078\/revisions\/1413"}],"wp:attachment":[{"href":"https:\/\/ma-tinee.be\/nl\/wp-json\/wp\/v2\/media?parent=1078"}],"curies":[{"name":"wp","href":"https:\/\/api.w.org\/{rel}","templated":true}]}}