{"id":1161,"date":"2019-10-21T19:43:15","date_gmt":"2019-10-21T19:43:15","guid":{"rendered":"https:\/\/ma-tinee.be\/?page_id=1161"},"modified":"2019-10-21T19:46:20","modified_gmt":"2019-10-21T19:46:20","slug":"politique-de-confidentialite","status":"publish","type":"page","link":"https:\/\/ma-tinee.be\/fr\/politique-de-confidentialite\/","title":{"rendered":"Politique de confidentialit\u00e9"},"content":{"rendered":"<p>Votre vie priv\u00e9e est importante pour nous. Ma-tinee.be a pour politique de respecter la confidentialit\u00e9 de toutes les informations que nous pouvons collecter sur votre site, https:\/\/ma-tinee.be, et sur les autres sites que nous poss\u00e9dons et exploitons.<\/p>\n<p>Nous ne demandons des informations personnelles que lorsque nous en avons vraiment besoin pour vous fournir un service. Nous le recueillons par des moyens justes et l\u00e9gaux, avec votre connaissance et votre consentement. Nous vous expliquons \u00e9galement pourquoi nous le collectons et comment il sera utilis\u00e9.<\/p>\n<p>Nous ne conservons les informations collect\u00e9es que le temps n\u00e9cessaire pour vous fournir le service demand\u00e9. Les donn\u00e9es que nous stockons sont prot\u00e9g\u00e9es par des moyens commercialement acceptables afin d\u2019emp\u00eacher la perte et le vol, ainsi que par tout acc\u00e8s, divulgation, copie, utilisation ou modification non autoris\u00e9s.<\/p>\n<p>Nous ne partageons aucune information d&#8217;identification personnelle publiquement ou avec des tiers, sauf lorsque requis par la loi.<\/p>\n<p>Notre site Web peut contenir des liens vers des sites externes que nous n&#8217;exploitons pas. Sachez que nous n&#8217;avons aucun contr\u00f4le sur le contenu et les pratiques de ces sites et que nous ne pouvons accepter aucune responsabilit\u00e9 pour leurs politiques de confidentialit\u00e9 respectives.<\/p>\n<p>Vous \u00eates libre de refuser notre demande d&#8217;informations personnelles, sachant que nous pourrions ne pas \u00eatre en mesure de vous fournir certains des services souhait\u00e9s.<\/p>\n<p>Votre utilisation continue de notre site Web sera consid\u00e9r\u00e9e comme une acceptation de nos pratiques en mati\u00e8re de confidentialit\u00e9 et d&#8217;informations personnelles. Si vous avez des questions sur la mani\u00e8re dont nous traitons les donn\u00e9es des utilisateurs et les informations personnelles, n\u2019h\u00e9sitez pas \u00e0 nous contacter.<\/p>\n<p>Cette politique est effective \u00e0 compter du 21 octobre 2019.<\/p>\n","protected":false},"excerpt":{"rendered":"<p>Votre vie priv\u00e9e est importante pour nous. Ma-tinee.be a pour politique de respecter la confidentialit\u00e9 de toutes les informations que nous pouvons collecter sur votre site, https:\/\/ma-tinee.be, et sur les autres sites que nous poss\u00e9dons et exploitons. Nous ne demandons des informations personnelles que lorsque nous en avons vraiment besoin pour vous fournir un service. &hellip; <a href=\"https:\/\/ma-tinee.be\/fr\/politique-de-confidentialite\/\" class=\"more-link\">Continue reading <span class=\"screen-reader-text\">Politique de confidentialit\u00e9<\/span><\/a><\/p>\n","protected":false},"author":1,"featured_media":0,"parent":0,"menu_order":0,"comment_status":"closed","ping_status":"open","template":"","meta":{"footnotes":""},"class_list":["post-1161","page","type-page","status-publish","hentry"],"_links":{"self":[{"href":"https:\/\/ma-tinee.be\/fr\/wp-json\/wp\/v2\/pages\/1161","targetHints":{"allow":["GET"]}}],"collection":[{"href":"https:\/\/ma-tinee.be\/fr\/wp-json\/wp\/v2\/pages"}],"about":[{"href":"https:\/\/ma-tinee.be\/fr\/wp-json\/wp\/v2\/types\/page"}],"author":[{"embeddable":true,"href":"https:\/\/ma-tinee.be\/fr\/wp-json\/wp\/v2\/users\/1"}],"replies":[{"embeddable":true,"href":"https:\/\/ma-tinee.be\/fr\/wp-json\/wp\/v2\/comments?post=1161"}],"version-history":[{"count":3,"href":"https:\/\/ma-tinee.be\/fr\/wp-json\/wp\/v2\/pages\/1161\/revisions"}],"predecessor-version":[{"id":1450,"href":"https:\/\/ma-tinee.be\/fr\/wp-json\/wp\/v2\/pages\/1161\/revisions\/1450"}],"wp:attachment":[{"href":"https:\/\/ma-tinee.be\/fr\/wp-json\/wp\/v2\/media?parent=1161"}],"curies":[{"name":"wp","href":"https:\/\/api.w.org\/{rel}","templated":true}]}}