{"id":1156,"date":"2019-08-30T19:55:02","date_gmt":"2019-08-30T19:55:02","guid":{"rendered":"https:\/\/ma-tinee.be\/zone-locale\/"},"modified":"2019-10-15T00:36:38","modified_gmt":"2019-10-15T00:36:38","slug":"zone-locale","status":"publish","type":"page","link":"https:\/\/ma-tinee.be\/fr\/zone-locale\/","title":{"rendered":"Les Alentours"},"content":{"rendered":"<p>[vc_row][vc_column][vc_empty_space][vc_column_text]La municipalit\u00e9 de Beauvechain, situ\u00e9e sur le bord de la for\u00eat de Meerdael, se compose des villages Beauvechain, Hamme-Mille, l&#8217;\u00c9cluse, Nodebais et Tourinnes-la-Grosse. Dans cette r\u00e9gion, deux types de paysages se rencontrent : les plateaux doucement vallonn\u00e9s du nord-est et la vall\u00e9e de la N\u00e9then du sud-ouest, avec ses pentes abruptes et ses vall\u00e9es profondes et humides.<\/p>\n<p>La diversit\u00e9 des villages dispers\u00e9s dans ce paysage contribue au charme global de la r\u00e9gion. D&#8217;une part, vous avez Hamme-Mille avec son centre commercial et Beauvechain qui abrite une base de l&#8217;arm\u00e9e de l&#8217;air et un mus\u00e9e qui lui est d\u00e9di\u00e9. D&#8217;autre part, vous avez Tourinnes, Nodebais et l&#8217;\u00c9cluse, chacun avec son propre patrimoine unique et de vieilles fermes, o\u00f9 vous pouvez trouver la paix et la tranquillit\u00e9 dans les routes de campagne sillonnant les champs.<\/p>\n<p>Tourinnes-la-Grosse est surtout connu pour les festivit\u00e9s en l&#8217;honneur de Saint Martin. Il en est r\u00e9sult\u00e9 un projet d&#8217;art, lanc\u00e9 en 1999 par l&#8217;artiste c\u00e9ramiste Max van der Linden: pendant les jours de la Saint Martin, vous pouvez regarder une pi\u00e8ce de th\u00e9\u00e2tre dans l&#8217;ancienne \u00e9glise romaine, et vous pouvez visiter plusieurs maisons et fermes dans la r\u00e9gion qui fonctionnent comme espace d&#8217;exposition pour peintures, statues, photos, bijoux, c\u00e9ramiques et autres \u0153uvres d&#8217;art.[\/vc_column_text][vc_empty_space][vc_empty_space][vc_tta_tabs][vc_tta_section title=&#8221;culture&#8221; tab_id=&#8221;1559321123685-2fb3f744-eb36&#8243;][vc_empty_space][vc_column_text]<\/p>\n<h2>culture<\/h2>\n<p><em>Beau temps, mauvais temps&#8230;<\/em><\/p>\n<p>Laissez-vous surprendre \u00e0 chaque saison par la richesse culturelle de cette r\u00e9gion verdoyante et vallonn\u00e9e.<\/p>\n<p>Chaque ann\u00e9e en novembre, Beauvechain se transforme en parcours artistique.<br \/>\n<a href=\"http:\/\/tourinnes.be\">http:\/\/tourinnes.be<\/a><\/p>\n<p>Le monde de l&#8217;arm\u00e9e de l&#8217;air vous accueille dans le centre historique &#8220;1Wing&#8221; \u00e0 Beauvechain.<br \/>\n<a href=\"http:\/\/musee.1wing.free.fr\">http:\/\/musee.1wing.free.fr<\/a><\/p>\n<p>Profitez d&#8217;un peu de th\u00e9\u00e2tre au Th\u00e9\u00e2tre des 4 Mains \u00e0 La Bruy\u00e8re.<br \/>\n<a href=\"https:\/\/theatre4mains.be\">https:\/\/theatre4mains.be<\/a><\/p>\n<p>&nbsp;<\/p>\n<h4>Vaut un petit d\u00e9tour<\/h4>\n<p>En ao\u00fbt, l&#8217;abbaye de Villers-la-Ville est le th\u00e9\u00e2tre de &#8220;la Nuit des Ch\u0153urs&#8221;, o\u00f9 vous pourrez vous laissez enchanter par des chorales renomm\u00e9es.<br \/>\n<a href=\"http:\/\/www.nuitdeschoeurs.be\">http:\/\/www.nuitdeschoeurs.be<\/a><\/p>\n<p>R\u00e9galez-vous au Mus\u00e9e M de Louvain.<br \/>\n<a href=\"https:\/\/www.mleuven.be\">https:\/\/www.mleuven.be<\/a><\/p>\n<p>D\u00e9couvrez l&#8217;art inspir\u00e9 de la nature dans le Sanctuaire d&#8217;Art \u00e0 Jodoigne.<br \/>\n<a href=\"http:\/\/www.the-enchanted-garden.info\/#1\">http:\/\/www.the-enchanted-garden.info\/#1<\/a><\/p>\n<p>Faites connaissance avec le monde d&#8217;Herg\u00e9 \u00e0 Ottignies-Louvain-la-Neuve.<br \/>\n<a href=\"https:\/\/www.museeherge.com\">https:\/\/www.museeherge.com<\/a><\/p>\n<p>Faites du shopping jusqu&#8217;\u00e0 vous \u00eates \u00e9puis\u00e9s et beaucoup plus \u00e0 Louvain (15km), Wavre (18km), Louvain-la-Neuve (19km), Tienen (21km), Jodoigne (16km).[\/vc_column_text][\/vc_tta_section][vc_tta_section title=&#8221;Marche et cyclisme&#8221; tab_id=&#8221;1559321123730-7309f8ab-1c64&#8243;][vc_empty_space][vc_column_text]<\/p>\n<h2>Marche et v\u00e9lo<\/h2>\n<p>D\u00e9couvrez notre belle r\u00e9gion en utilisant ces itin\u00e9raires de marche, de v\u00e9lo ou de VTT.<br \/>\n<a href=\"http:\/\/www.beauvechain.eu\/loisirs-culture\/balades-1\">http:\/\/www.beauvechain.eu\/loisirs-culture\/balades-1<\/a><\/p>\n<p>Belles Promenades et excursions \u00e0 v\u00e9lo dans les for\u00eats de Meerdaal et Heverlee.<br \/>\n<a href=\"https:\/\/www.natuurenbos.be\/meerdaalwoud-en-heverleebos\">https:\/\/www.natuurenbos.be\/meerdaalwoud-en-heverleebos<\/a><\/p>\n<p>Profitez d&#8217;une richesse de fleurs printani\u00e8res dans la for\u00eat de Meldert \u00e0 Hoegaarden.<br \/>\n<a href=\"https:\/\/www.natuurpunt.be\/natuurgebied\/meldertbos\">https:\/\/www.natuurpunt.be\/natuurgebied\/meldertbos<\/a><\/p>\n<p>Pr\u00e9parez vos randonn\u00e9es p\u00e9destres et\/ou cyclistes:<br \/>\n<a href=\"https:\/\/ravel.wallonie.be\">https:\/\/ravel.wallonie.be<\/a><br \/>\n<a href=\"http:\/\/walloniebelgiquetourisme.be\/fr-be\/3\/jaime\/wallonie-a-velo\">http:\/\/walloniebelgiquetourisme.be\/fr-be\/3\/jaime\/wallonie-a-velo<\/a><br \/>\n<a href=\"https:\/\/www.routeyou.com\">https:\/\/www.routeyou.com<\/a><br \/>\n<a href=\"http:\/\/www.wandelknooppunt.be\">www.wandelknooppunt.be<\/a><br \/>\n<a href=\"http:\/\/www.fietsnet.be\">www.fietsnet.be<\/a>[\/vc_column_text][\/vc_tta_section][vc_tta_section title=&#8221;golf&#8221; tab_id=&#8221;1559321295505-ceb5036a-d578&#8243;][vc_empty_space][vc_column_text]<\/p>\n<h2>golf<\/h2>\n<p>Retrouvez toutes les informations n\u00e9cessaires sur le Royal Bercuit Golf Club (Grez-Doiceau).<br \/>\n<a href=\"http:\/\/www.royalbercuitgolfclub.be\/\">http:\/\/www.royalbercuitgolfclub.be\/<\/a>[\/vc_column_text][\/vc_tta_section][\/vc_tta_tabs][\/vc_column][\/vc_row][vc_row][vc_column][vc_empty_space][\/vc_column][\/vc_row]<\/p>\n","protected":false},"excerpt":{"rendered":"<p>[vc_row][vc_column][vc_empty_space][vc_column_text]La municipalit\u00e9 de Beauvechain, situ\u00e9e sur le bord de la for\u00eat de Meerdael, se compose des villages Beauvechain, Hamme-Mille, l&#8217;\u00c9cluse, Nodebais et Tourinnes-la-Grosse. Dans cette r\u00e9gion, deux types de paysages se rencontrent : les plateaux doucement vallonn\u00e9s du nord-est et la vall\u00e9e de la N\u00e9then du sud-ouest, avec ses pentes abruptes et ses vall\u00e9es profondes &hellip; <a href=\"https:\/\/ma-tinee.be\/fr\/zone-locale\/\" class=\"more-link\">Continue reading <span class=\"screen-reader-text\">Les Alentours<\/span><\/a><\/p>\n","protected":false},"author":1,"featured_media":0,"parent":0,"menu_order":0,"comment_status":"closed","ping_status":"closed","template":"","meta":{"footnotes":""},"class_list":["post-1156","page","type-page","status-publish","hentry"],"_links":{"self":[{"href":"https:\/\/ma-tinee.be\/fr\/wp-json\/wp\/v2\/pages\/1156","targetHints":{"allow":["GET"]}}],"collection":[{"href":"https:\/\/ma-tinee.be\/fr\/wp-json\/wp\/v2\/pages"}],"about":[{"href":"https:\/\/ma-tinee.be\/fr\/wp-json\/wp\/v2\/types\/page"}],"author":[{"embeddable":true,"href":"https:\/\/ma-tinee.be\/fr\/wp-json\/wp\/v2\/users\/1"}],"replies":[{"embeddable":true,"href":"https:\/\/ma-tinee.be\/fr\/wp-json\/wp\/v2\/comments?post=1156"}],"version-history":[{"count":6,"href":"https:\/\/ma-tinee.be\/fr\/wp-json\/wp\/v2\/pages\/1156\/revisions"}],"predecessor-version":[{"id":1412,"href":"https:\/\/ma-tinee.be\/fr\/wp-json\/wp\/v2\/pages\/1156\/revisions\/1412"}],"wp:attachment":[{"href":"https:\/\/ma-tinee.be\/fr\/wp-json\/wp\/v2\/media?parent=1156"}],"curies":[{"name":"wp","href":"https:\/\/api.w.org\/{rel}","templated":true}]}}